{"id":11799,"date":"2022-09-12T17:50:25","date_gmt":"2022-09-12T15:50:25","guid":{"rendered":""},"modified":"2024-07-08T17:20:16","modified_gmt":"2024-07-08T15:20:16","slug":"partnerzy","status":"publish","type":"page","link":"https:\/\/www.wastcommunity.eu\/pl\/partnerzy\/","title":{"rendered":"Partnerzy"},"content":{"rendered":"\t\t<div data-elementor-type=\"wp-page\" data-elementor-id=\"11799\" class=\"elementor elementor-11799 elementor-324\" data-elementor-post-type=\"page\">\n\t\t\t\t\t\t<section class=\"elementor-section elementor-top-section elementor-element elementor-element-751de019 elementor-section-height-min-height elementor-section-items-top elementor-section-boxed elementor-section-height-default\" data-id=\"751de019\" data-element_type=\"section\" data-settings=\"{&quot;background_background&quot;:&quot;classic&quot;}\">\n\t\t\t\t\t\t<div class=\"elementor-container elementor-column-gap-default\">\n\t\t\t\t\t<div class=\"elementor-column elementor-col-100 elementor-top-column elementor-element elementor-element-6b23254b\" data-id=\"6b23254b\" data-element_type=\"column\">\n\t\t\t<div class=\"elementor-widget-wrap elementor-element-populated\">\n\t\t\t\t\t\t<section class=\"elementor-section elementor-inner-section elementor-element elementor-element-592a355f elementor-section-content-middle elementor-section-boxed elementor-section-height-default elementor-section-height-default\" data-id=\"592a355f\" data-element_type=\"section\">\n\t\t\t\t\t\t<div class=\"elementor-container elementor-column-gap-default\">\n\t\t\t\t\t<div class=\"elementor-column elementor-col-50 elementor-inner-column elementor-element elementor-element-9e064b5\" data-id=\"9e064b5\" data-element_type=\"column\">\n\t\t\t<div class=\"elementor-widget-wrap elementor-element-populated\">\n\t\t\t\t\t\t<div class=\"elementor-element elementor-element-84a145c elementor-widget elementor-widget-text-editor\" data-id=\"84a145c\" data-element_type=\"widget\" data-widget_type=\"text-editor.default\">\n\t\t\t\t\t\t\t\t\t<h2>Partnerzy #WAST<\/h2>\n\t\t\t\t\t\t\t\t<\/div>\n\t\t\t\t<div class=\"elementor-element elementor-element-0dafec6 elementor-widget elementor-widget-text-editor\" data-id=\"0dafec6\" data-element_type=\"widget\" data-widget_type=\"text-editor.default\">\n\t\t\t\t\t\t\t\t\t<p>Partnerstwo projektu #WAST sk\u0142ada si\u0119 z 6 organizacji z 5 kraj\u00f3w (Cypr, Grecja, W\u0142ochy, Ukraina i Polska) realizuj\u0105cych inicjatywy w r\u00f3\u017cnych sektorach:<\/p>\n<ul>\n<li>Organizacje edukacyjne i szkoleniowe (w tym instytucje maj\u0105ce wiedz\u0119 eksperck\u0105 w tworzeniu oprogramowa\u0144 i platform e-learningowych)<\/li>\n<li>Uniwersytety<\/li>\n<li>Organizacje m\u0142odzie\u017cowe i pozarz\u0105dowe dzia\u0142aj\u0105ce w sektorze edukacji, partycypacji obywatelskiej i wspierania m\u0142odzie\u017cy z grup defaworyzowanych<\/li>\n<\/ul>\n\t\t\t\t\t\t\t\t<\/div>\n\t\t\t\t\t<\/div>\n\t\t<\/div>\n\t\t\t\t<div class=\"elementor-column elementor-col-50 elementor-inner-column elementor-element elementor-element-7a00dfaa\" data-id=\"7a00dfaa\" data-element_type=\"column\">\n\t\t\t<div class=\"elementor-widget-wrap elementor-element-populated\">\n\t\t\t\t\t\t<div class=\"elementor-element elementor-element-4a46cbd7 elementor-widget elementor-widget-image\" data-id=\"4a46cbd7\" data-element_type=\"widget\" a=\"\" data-widget_type=\"image.default\">\n\t\t\t\t\t\t\t\t\t\t\t\t\t\t\t\t<a href=\"\">\n\t\t\t\t\t\t\t<img fetchpriority=\"high\" decoding=\"async\" width=\"768\" height=\"373\" src=\"https:\/\/www.wastcommunity.eu\/wp-content\/uploads\/2022\/12\/happy-friends-enjoying-harvest-time-together-drinking-wine-farm-house-countryside-min-768x373.jpg\" class=\"attachment-medium_large size-medium_large wp-image-1831\" alt=\"happy-friends-enjoying-harvest-time-together-drinking-wine-farm-house-countryside\" srcset=\"https:\/\/www.wastcommunity.eu\/wp-content\/uploads\/2022\/12\/happy-friends-enjoying-harvest-time-together-drinking-wine-farm-house-countryside-min-768x373.jpg 768w, https:\/\/www.wastcommunity.eu\/wp-content\/uploads\/2022\/12\/happy-friends-enjoying-harvest-time-together-drinking-wine-farm-house-countryside-min-300x146.jpg 300w, https:\/\/www.wastcommunity.eu\/wp-content\/uploads\/2022\/12\/happy-friends-enjoying-harvest-time-together-drinking-wine-farm-house-countryside-min.jpg 1000w\" sizes=\"(max-width: 768px) 100vw, 768px\" \/>\t\t\t\t\t\t\t\t<\/a>\n\t\t\t\t\t\t\t\t\t\t\t\t\t\t\t<\/div>\n\t\t\t\t\t<\/div>\n\t\t<\/div>\n\t\t\t\t\t<\/div>\n\t\t<\/section>\n\t\t\t\t\t<\/div>\n\t\t<\/div>\n\t\t\t\t\t<\/div>\n\t\t<\/section>\n\t\t\t\t<section class=\"elementor-section elementor-top-section elementor-element elementor-element-5a733d4a elementor-section-boxed elementor-section-height-default elementor-section-height-default\" data-id=\"5a733d4a\" data-element_type=\"section\" id=\"aim\">\n\t\t\t\t\t\t<div class=\"elementor-container elementor-column-gap-default\">\n\t\t\t\t\t<div class=\"elementor-column elementor-col-100 elementor-top-column elementor-element elementor-element-7d805d47\" data-id=\"7d805d47\" data-element_type=\"column\">\n\t\t\t<div class=\"elementor-widget-wrap elementor-element-populated\">\n\t\t\t\t\t\t<section class=\"elementor-section elementor-inner-section elementor-element elementor-element-6377d246 elementor-section-boxed elementor-section-height-default elementor-section-height-default\" data-id=\"6377d246\" data-element_type=\"section\">\n\t\t\t\t\t\t<div class=\"elementor-container elementor-column-gap-default\">\n\t\t\t\t\t<div class=\"elementor-column elementor-col-33 elementor-inner-column elementor-element elementor-element-4693cafe\" data-id=\"4693cafe\" data-element_type=\"column\">\n\t\t\t<div class=\"elementor-widget-wrap elementor-element-populated\">\n\t\t\t\t\t\t<div class=\"elementor-element elementor-element-64941c89 elementor-widget elementor-widget-image\" data-id=\"64941c89\" data-element_type=\"widget\" data-widget_type=\"image.default\">\n\t\t\t\t\t\t\t\t\t\t\t\t\t\t\t\t<a href=\"https:\/\/www.oic.lublin.pl\/\">\n\t\t\t\t\t\t\t<img decoding=\"async\" src=\"https:\/\/www.wastcommunity.eu\/wp-content\/uploads\/elementor\/thumbs\/1403-268-max-min-qty1800og446e8wrotf2c6xs1g36ehy0ppajjmy51c.png\" title=\"1403-268-max-min\" alt=\"OIC\" loading=\"lazy\" \/>\t\t\t\t\t\t\t\t<\/a>\n\t\t\t\t\t\t\t\t\t\t\t\t\t\t\t<\/div>\n\t\t\t\t<div class=\"elementor-element elementor-element-4b5b9a2 elementor-widget elementor-widget-text-editor\" data-id=\"4b5b9a2\" data-element_type=\"widget\" data-widget_type=\"text-editor.default\">\n\t\t\t\t\t\t\t\t\t<p>G\u0142\u00f3wnym celem Fundacji jest zapobieganie bezrobociu i wspieranie rozwoju gospodarczego poprzez realizacj\u0119 program\u00f3w edukacyjnych i doradczych, skierowanych do mieszka\u0144c\u00f3w regionu. Dzia\u0142ania te realizowane s\u0105 g\u0142\u00f3wnie w formie:<\/p>\n<ul>\n<li>przedsi\u0119wzi\u0119\u0107 szkoleniowych (kursy, seminaria, konferencje, doradztwo, kompleksowe projekty) skierowanych do licznych grup odbiorc\u00f3w, os\u00f3b prywatnych, pracownik\u00f3w i w\u0142a\u015bcicieli ma\u0142ych i \u015brednich przedsi\u0119biorstw, maj\u0105cych na celu tworzenie nowych miejsc pracy i szans na samozatrudnienie, upowszechnianie wiedzy, dobrych praktyk oraz rozw\u00f3j zasob\u00f3w ludzkich.<\/li>\n<li>us\u0142ug szkoleniowych skierowanych do os\u00f3b zainteresowanych nabyciem nowych umiej\u0119tno\u015bci, firm i instytucji zainteresowanych szkoleniami dostosowanymi do potrzeb swoich pracownik\u00f3w.<\/li>\n<\/ul>\n\t\t\t\t\t\t\t\t<\/div>\n\t\t\t\t\t<\/div>\n\t\t<\/div>\n\t\t\t\t<div class=\"elementor-column elementor-col-33 elementor-inner-column elementor-element elementor-element-3f2f4389\" data-id=\"3f2f4389\" data-element_type=\"column\">\n\t\t\t<div class=\"elementor-widget-wrap elementor-element-populated\">\n\t\t\t\t\t\t<div class=\"elementor-element elementor-element-1f8d8ddc elementor-widget elementor-widget-image\" data-id=\"1f8d8ddc\" data-element_type=\"widget\" data-widget_type=\"image.default\">\n\t\t\t\t\t\t\t\t\t\t\t\t\t\t\t\t<a href=\"https:\/\/comcy.eu\/\">\n\t\t\t\t\t\t\t<img decoding=\"async\" src=\"https:\/\/www.wastcommunity.eu\/wp-content\/uploads\/elementor\/thumbs\/Comcy-logopng-min-qty17y502g1lr0zhzslt77euuocfz3qk1fzkl30xds.png\" title=\"Comcy logopng-min\" alt=\"Comcy\" loading=\"lazy\" \/>\t\t\t\t\t\t\t\t<\/a>\n\t\t\t\t\t\t\t\t\t\t\t\t\t\t\t<\/div>\n\t\t\t\t<div class=\"elementor-element elementor-element-c06db4e elementor-widget elementor-widget-text-editor\" data-id=\"c06db4e\" data-element_type=\"widget\" data-widget_type=\"text-editor.default\">\n\t\t\t\t\t\t\t\t\t<p>Centre for Competence Development Cyprus &#8211; COMCY powsta\u0142o w 2014 roku w Nikozji, jako organizacja typu non-profit o charakterze szkoleniowym, badawczo-rozwojowym, dzia\u0142aj\u0105ca w obszarze zarz\u0105dzania projektami, szkole\u0144 i doradztwa. Wizj\u0105 organizacji jest wspieranie kompetencji spo\u0142ecznych i biznesowych r\u00f3\u017cnych grup docelowych (os\u00f3b indywidualnych; ekspert\u00f3w i beneficjent\u00f3w oraz organizacji) poprzez innowacyjne rozwi\u0105zania i metody szkoleniowe. Specjalistyczna wiedza COMCY pochodzi z:<\/p>\n<ul>\n<li>Wcze\u015bniejszego do\u015bwiadczenia w szkoleniach i dzia\u0142aniach rozwojowych (na poziomie mi\u0119dzynarodowym i krajowym);<\/li>\n<li>Wiedzy w wymaganych obszarach i poziomu kompetencji w tym zakresie;<\/li>\n<li>Dost\u0119pu do bezpo\u015brednich i po\u015brednich grup docelowych dzi\u0119ki ugruntowanej sieci ekspert\u00f3w.<\/li>\n<\/ul>\n\t\t\t\t\t\t\t\t<\/div>\n\t\t\t\t\t<\/div>\n\t\t<\/div>\n\t\t\t\t<div class=\"elementor-column elementor-col-33 elementor-inner-column elementor-element elementor-element-1832480b\" data-id=\"1832480b\" data-element_type=\"column\">\n\t\t\t<div class=\"elementor-widget-wrap elementor-element-populated\">\n\t\t\t\t\t\t<div class=\"elementor-element elementor-element-131b0de elementor-widget elementor-widget-image\" data-id=\"131b0de\" data-element_type=\"widget\" data-widget_type=\"image.default\">\n\t\t\t\t\t\t\t\t\t\t\t\t\t\t\t\t<a href=\"https:\/\/www.ngomig.org\/\">\n\t\t\t\t\t\t\t<img decoding=\"async\" src=\"https:\/\/www.wastcommunity.eu\/wp-content\/uploads\/elementor\/thumbs\/YIOC-Logo-min-qty1800og446e8wrotf2c6xs1g36ehy0ppajjmy51c.png\" title=\"YIOC Logo-min\" alt=\"YIOC\" loading=\"lazy\" \/>\t\t\t\t\t\t\t\t<\/a>\n\t\t\t\t\t\t\t\t\t\t\t\t\t\t\t<\/div>\n\t\t\t\t<div class=\"elementor-element elementor-element-dd21f46 elementor-widget elementor-widget-text-editor\" data-id=\"dd21f46\" data-element_type=\"widget\" data-widget_type=\"text-editor.default\">\n\t\t\t\t\t\t\t\t\t<p>Organizacja pozarz\u0105dowa Donetsk oblast &#8220;Youth Initiative of Cities&#8221; (YIC) z Ukrainy jest znan\u0105 w ca\u0142ym kraju organizacj\u0105 m\u0142odzie\u017cow\u0105 dzia\u0142aj\u0105c\u0105 na rzecz zr\u00f3wnowa\u017conego rozwoju. Organizacja jednoczy m\u0142odzie\u017c chc\u0105c\u0105 si\u0119 rozwija\u0107, my\u015ble\u0107 krytycznie i budowa\u0107 jednolite spo\u0142ecze\u0144stwo obywatelskie.<\/p>\n<p>Od 2011 roku YIC wspiera m\u0142odzie\u017c w rozwijaniu potencja\u0142u przyw\u00f3dczego. Zesp\u00f3\u0142 YIC organizuje wiele lokalnych, krajowych i mi\u0119dzynarodowych projekt\u00f3w.<\/p>\n<p>Celem tych projekt\u00f3w jest rozwijanie spo\u0142ecze\u0144stwa obywatelskiego, wprowadzanie edukacji pozaformalnej oraz zach\u0119canie do dzia\u0142a\u0144 wolontariackich, promowanie wsp\u00f3\u0142pracy mi\u0119dzynarodowej i inicjatyw spo\u0142ecznych na szczeblu lokalnym, wspieranie cel\u00f3w zr\u00f3wnowa\u017conego rozwoju, praw cz\u0142owieka oraz os\u00f3b z grup defaworyzowanych.<\/p>\n<p>YIC jest organizacj\u0105 tworz\u0105c\u0105, wspieraj\u0105c\u0105, ucz\u0105c\u0105 i inspiruj\u0105c\u0105 ukrai\u0144sk\u0105 m\u0142odzie\u017c.<\/p>\n\t\t\t\t\t\t\t\t<\/div>\n\t\t\t\t\t<\/div>\n\t\t<\/div>\n\t\t\t\t\t<\/div>\n\t\t<\/section>\n\t\t\t\t<section class=\"elementor-section elementor-inner-section elementor-element elementor-element-468deb8e elementor-section-boxed elementor-section-height-default elementor-section-height-default\" data-id=\"468deb8e\" data-element_type=\"section\">\n\t\t\t\t\t\t<div class=\"elementor-container elementor-column-gap-default\">\n\t\t\t\t\t<div class=\"elementor-column elementor-col-100 elementor-inner-column elementor-element elementor-element-3d954b2e\" data-id=\"3d954b2e\" data-element_type=\"column\">\n\t\t\t<div class=\"elementor-widget-wrap elementor-element-populated\">\n\t\t\t\t\t\t<div class=\"elementor-element elementor-element-aa77aa3 elementor-widget-divider--view-line elementor-widget elementor-widget-divider\" data-id=\"aa77aa3\" data-element_type=\"widget\" data-widget_type=\"divider.default\">\n\t\t\t\t\t\t\t<div class=\"elementor-divider\">\n\t\t\t<span class=\"elementor-divider-separator\">\n\t\t\t\t\t\t<\/span>\n\t\t<\/div>\n\t\t\t\t\t\t<\/div>\n\t\t\t\t\t<\/div>\n\t\t<\/div>\n\t\t\t\t\t<\/div>\n\t\t<\/section>\n\t\t\t\t<section class=\"elementor-section elementor-inner-section elementor-element elementor-element-16c02d6 elementor-section-boxed elementor-section-height-default elementor-section-height-default\" data-id=\"16c02d6\" data-element_type=\"section\">\n\t\t\t\t\t\t<div class=\"elementor-container elementor-column-gap-default\">\n\t\t\t\t\t<div class=\"elementor-column elementor-col-33 elementor-inner-column elementor-element elementor-element-4e9373b\" data-id=\"4e9373b\" data-element_type=\"column\">\n\t\t\t<div class=\"elementor-widget-wrap elementor-element-populated\">\n\t\t\t\t\t\t<div class=\"elementor-element elementor-element-f083155 elementor-widget elementor-widget-image\" data-id=\"f083155\" data-element_type=\"widget\" data-widget_type=\"image.default\">\n\t\t\t\t\t\t\t\t\t\t\t\t\t\t\t\t<a href=\"https:\/\/istitutosorditorino.org\/\">\n\t\t\t\t\t\t\t<img decoding=\"async\" src=\"https:\/\/www.wastcommunity.eu\/wp-content\/uploads\/elementor\/thumbs\/Ergon-Logo-min-qty17y502g1lr0zhzslt77euuocfz3qk1fzkl30xds.jpg\" title=\"Ergon Logo-min\" alt=\"Ergon\" loading=\"lazy\" \/>\t\t\t\t\t\t\t\t<\/a>\n\t\t\t\t\t\t\t\t\t\t\t\t\t\t\t<\/div>\n\t\t\t\t<div class=\"elementor-element elementor-element-34eeefc elementor-widget elementor-widget-text-editor\" data-id=\"34eeefc\" data-element_type=\"widget\" data-widget_type=\"text-editor.default\">\n\t\t\t\t\t\t\t\t\t<p>Ergon jest autoryzowan\u0105 organizacj\u0105 spo\u0142eczn\u0105 z Piedmontu dzia\u0142aj\u0105c\u0105 na rzecz ochrony, zdrowia i dobrostanu os\u00f3b g\u0142uchych, s\u0142abo s\u0142ysz\u0105cych i g\u0142uchoniewidomych (g\/G\u0142usi) zw\u0142aszcza w zw\u0142aszcza w przypadku niskich zasob\u00f3w i trudnych warunk\u00f3w humanitarnych.<\/p>\n<p>Misj\u0105 Ergonu jest zapewnienie, by osoby g\/G\u0142uche mog\u0142y \u017cy\u0107 bezpiecznie, bez l\u0119ku przed stygmatyzacj\u0105, dyskryminacj\u0105 i zn\u0119caniem si\u0119 w ka\u017cdej formie komunikacji; J\u0119zyk migowy, znaki towarzysz\u0105ce j\u0119zykowi migowemu, j\u0119zyk migowy danej spo\u0142eczno\u015bci, metoda s\u0142uchowa oraz dotykowy j\u0119zyk migowy.<\/p>\t\t\t\t\t\t\t\t<\/div>\n\t\t\t\t\t<\/div>\n\t\t<\/div>\n\t\t\t\t<div class=\"elementor-column elementor-col-33 elementor-inner-column elementor-element elementor-element-1093b75\" data-id=\"1093b75\" data-element_type=\"column\">\n\t\t\t<div class=\"elementor-widget-wrap elementor-element-populated\">\n\t\t\t\t\t\t<div class=\"elementor-element elementor-element-35968182 elementor-widget elementor-widget-image\" data-id=\"35968182\" data-element_type=\"widget\" data-widget_type=\"image.default\">\n\t\t\t\t\t\t\t\t\t\t\t\t\t\t\t\t<a href=\"http:\/\/www.ncci.org.cy\/\">\n\t\t\t\t\t\t\t<img decoding=\"async\" src=\"https:\/\/www.wastcommunity.eu\/wp-content\/uploads\/elementor\/thumbs\/70-th-anniversary-LOGO-EN-min-qty185npl4bwbwokrvutr5ijlrbdookeqh7gfaps00.jpg\" title=\"70 th anniversary LOGO EN-min\" alt=\"NCCI\" loading=\"lazy\" \/>\t\t\t\t\t\t\t\t<\/a>\n\t\t\t\t\t\t\t\t\t\t\t\t\t\t\t<\/div>\n\t\t\t\t<div class=\"elementor-element elementor-element-21d5bf2 elementor-widget elementor-widget-text-editor\" data-id=\"21d5bf2\" data-element_type=\"widget\" data-widget_type=\"text-editor.default\">\n\t\t\t\t\t\t\t\t\t<p>Nicosia Chamber of Commerce and Industry (NCCI) zosta\u0142a za\u0142o\u017cona w 1952 roku i jest powi\u0105zana z Cypryjsk\u0105 Izb\u0105 Przemys\u0142owo-Handlow\u0105 (Cyprus Chamber of Commerce and Industry &#8211; CCCI). NCCI przechodzi\u0142a r\u00f3\u017cne fazy rozwoju, kt\u00f3re doprowadzi\u0142y do powstania obecnej struktury.<\/p>\n<p>NCCI jest organizacj\u0105 typu non-profit. Izba jest zarz\u0105dzana przez 20-osobow\u0105 rad\u0119 wybieran\u0105 przez cz\u0142onk\u00f3w izby.. Izba jest reprezentowana w CCCI przez wybranych przedstawicieli.<\/p>\n<p>Obecnie w NCCI zarejestrowanych jest ponad 1250 lokalnych i 270 mi\u0119dzynarodowych firm.<\/p>\n<p>Ponadto miasto i dzielnica NCCI obejmuje geograficznie Kyreni\u0119 i obszar Morphou. Turystyka jest jednym z g\u0142\u00f3wnych obszar\u00f3w dzia\u0142ania NCCI.<\/p>\n\t\t\t\t\t\t\t\t<\/div>\n\t\t\t\t\t<\/div>\n\t\t<\/div>\n\t\t\t\t<div class=\"elementor-column elementor-col-33 elementor-inner-column elementor-element elementor-element-a218154\" data-id=\"a218154\" data-element_type=\"column\">\n\t\t\t<div class=\"elementor-widget-wrap elementor-element-populated\">\n\t\t\t\t\t\t<div class=\"elementor-element elementor-element-8e0eb07 elementor-widget elementor-widget-image\" data-id=\"8e0eb07\" data-element_type=\"widget\" data-widget_type=\"image.default\">\n\t\t\t\t\t\t\t\t\t\t\t\t\t\t\t\t<a href=\"https:\/\/www.cyberno.org\">\n\t\t\t\t\t\t\t<img decoding=\"async\" src=\"https:\/\/www.wastcommunity.eu\/wp-content\/uploads\/elementor\/thumbs\/Logo_Cyberno_noback_650x350-qty183s17g9boorb2v1km5zmezkn9acy27whgqskcg.png\" title=\"Logo_Cyberno_noback_650x350\" alt=\"Logo_Cyberno\" loading=\"lazy\" \/>\t\t\t\t\t\t\t\t<\/a>\n\t\t\t\t\t\t\t\t\t\t\t\t\t\t\t<\/div>\n\t\t\t\t<div class=\"elementor-element elementor-element-cbfa114 elementor-widget elementor-widget-text-editor\" data-id=\"cbfa114\" data-element_type=\"widget\" data-widget_type=\"text-editor.default\">\n\t\t\t\t\t\t\t\t\t<p>Cyberno to organizacja non-profit, kt\u00f3ra zajmuje si\u0119 problemem analfabetyzmu cyfrowego w Grecji, zapewniaj\u0105c edukacj\u0119 spo\u0142eczn\u0105 dla nauczycieli, rodzic\u00f3w i dzieci, maj\u0105c\u0105 na celu rozw\u00f3j umiej\u0119tno\u015bci cyfrowych dzieci. G\u0142\u00f3wne dzia\u0142ania i cele Cyberno to:<\/p>\n<ul>\n<li>wyposa\u017cenie obywateli w umiej\u0119tno\u015bci cyfrowe;<\/li>\n<li>rozwijanie inteligentnego spo\u0142ecze\u0144stwa, rozpoczynaj\u0105c od tej chwili, poprzez wspieranie dzieci uzdolnionych cyfrowo;<\/li>\n<li>rozwijanie u ka\u017cdego beneficjenta umiej\u0119tno\u015bci technicznych, spo\u0142ecznych i umys\u0142owych potrzebnych do stania si\u0119 inteligentnym obywatelem cyfrowym.<\/li>\n<\/ul>\n\t\t\t\t\t\t\t\t<\/div>\n\t\t\t\t\t<\/div>\n\t\t<\/div>\n\t\t\t\t\t<\/div>\n\t\t<\/section>\n\t\t\t\t\t<\/div>\n\t\t<\/div>\n\t\t\t\t\t<\/div>\n\t\t<\/section>\n\t\t\t\t<\/div>\n\t\t","protected":false},"excerpt":{"rendered":"<p>Partnerzy #WAST Partnerstwo projektu #WAST sk\u0142ada si\u0119 z 6 organizacji z 5 kraj\u00f3w (Cypr, Grecja, W\u0142ochy, Ukraina i Polska) realizuj\u0105cych inicjatywy w r\u00f3\u017cnych sektorach: Organizacje edukacyjne i szkoleniowe (w tym instytucje maj\u0105ce wiedz\u0119 eksperck\u0105 w tworzeniu oprogramowa\u0144 i platform e-learningowych) Uniwersytety Organizacje m\u0142odzie\u017cowe i pozarz\u0105dowe dzia\u0142aj\u0105ce w sektorze edukacji, partycypacji obywatelskiej i wspierania m\u0142odzie\u017cy z [&hellip;]<\/p>\n","protected":false},"author":1098,"featured_media":0,"parent":0,"menu_order":0,"comment_status":"closed","ping_status":"closed","template":"","meta":{"footnotes":""},"class_list":["post-11799","page","type-page","status-publish","hentry"],"jetpack_sharing_enabled":true,"_links":{"self":[{"href":"https:\/\/www.wastcommunity.eu\/pl\/wp-json\/wp\/v2\/pages\/11799","targetHints":{"allow":["GET"]}}],"collection":[{"href":"https:\/\/www.wastcommunity.eu\/pl\/wp-json\/wp\/v2\/pages"}],"about":[{"href":"https:\/\/www.wastcommunity.eu\/pl\/wp-json\/wp\/v2\/types\/page"}],"author":[{"embeddable":true,"href":"https:\/\/www.wastcommunity.eu\/pl\/wp-json\/wp\/v2\/users\/1098"}],"replies":[{"embeddable":true,"href":"https:\/\/www.wastcommunity.eu\/pl\/wp-json\/wp\/v2\/comments?post=11799"}],"version-history":[{"count":2,"href":"https:\/\/www.wastcommunity.eu\/pl\/wp-json\/wp\/v2\/pages\/11799\/revisions"}],"predecessor-version":[{"id":14217,"href":"https:\/\/www.wastcommunity.eu\/pl\/wp-json\/wp\/v2\/pages\/11799\/revisions\/14217"}],"wp:attachment":[{"href":"https:\/\/www.wastcommunity.eu\/pl\/wp-json\/wp\/v2\/media?parent=11799"}],"curies":[{"name":"wp","href":"https:\/\/api.w.org\/{rel}","templated":true}]}}