{"id":11771,"date":"2023-01-18T19:20:07","date_gmt":"2023-01-18T17:20:07","guid":{"rendered":""},"modified":"2025-03-12T21:39:35","modified_gmt":"2025-03-12T19:39:35","slug":"kurs","status":"publish","type":"page","link":"https:\/\/www.wastcommunity.eu\/pl\/kurs\/","title":{"rendered":"Kurs"},"content":{"rendered":"\t\t<div data-elementor-type=\"wp-page\" data-elementor-id=\"11771\" class=\"elementor elementor-11771 elementor-2359\" data-elementor-post-type=\"page\">\n\t\t\t\t<div class=\"elementor-element elementor-element-3938605e e-flex e-con-boxed e-con e-parent\" data-id=\"3938605e\" data-element_type=\"container\" data-settings=\"{&quot;background_background&quot;:&quot;classic&quot;}\">\n\t\t\t\t\t<div class=\"e-con-inner\">\n\t\t<div class=\"elementor-element elementor-element-3294b7d5 e-con-full e-flex e-con e-child\" data-id=\"3294b7d5\" data-element_type=\"container\">\n\t\t\t\t<div class=\"elementor-element elementor-element-29ed0475 elementor-invisible elementor-widget elementor-widget-heading\" data-id=\"29ed0475\" data-element_type=\"widget\" data-settings=\"{&quot;_animation&quot;:&quot;fadeIn&quot;}\" data-widget_type=\"heading.default\">\n\t\t\t\t\t<h1 class=\"elementor-heading-title elementor-size-default\">Przewodnik #WAST<\/h1>\t\t\t\t<\/div>\n\t\t\t\t<div class=\"elementor-element elementor-element-48c5550d elementor-invisible elementor-widget elementor-widget-text-editor\" data-id=\"48c5550d\" data-element_type=\"widget\" data-settings=\"{&quot;_animation&quot;:&quot;fadeIn&quot;,&quot;_animation_delay&quot;:200}\" data-widget_type=\"text-editor.default\">\n\t\t\t\t\t\t\t\t\t<p>#WAST Guide to wyj\u0105tkowy kurs online dla m\u0142odych ludzi o tematyce turystycznej lub przewodnickiej<br \/>profesjonalist\u00f3w z bran\u017cy turystycznej, artyst\u00f3w i wszystkich zainteresowanych tematyk\u0105<br \/>alternatywna i zr\u00f3wnowa\u017cona turystyka.<\/p>\n\t\t\t\t\t\t\t\t<\/div>\n\t\t\t\t<div class=\"elementor-element elementor-element-f665fab elementor-invisible elementor-widget elementor-widget-text-editor\" data-id=\"f665fab\" data-element_type=\"widget\" data-settings=\"{&quot;_animation&quot;:&quot;fadeIn&quot;,&quot;_animation_delay&quot;:200}\" data-widget_type=\"text-editor.default\">\n\t\t\t\t\t\t\t\t\t<p>Ten bezp\u0142atny kurs zawiera tematy i materia\u0142y edukacyjne, kt\u00f3re zwykle nie s\u0105 dostarczane przez<br \/>Wydzia\u0142y Turystyki w szkolnictwie wy\u017cszym.<\/p>\n\t\t\t\t\t\t\t\t<\/div>\n\t\t\t\t<div class=\"elementor-element elementor-element-f93476d elementor-invisible elementor-widget elementor-widget-text-editor\" data-id=\"f93476d\" data-element_type=\"widget\" data-settings=\"{&quot;_animation&quot;:&quot;fadeIn&quot;,&quot;_animation_delay&quot;:200}\" data-widget_type=\"text-editor.default\">\n\t\t\t\t\t\t\t\t\t<p>Wszystkie modu\u0142y s\u0105 odpowiednie dla obecnych i przysz\u0142ych przewodnik\u00f3w turystycznych.<\/p>\n\t\t\t\t\t\t\t\t<\/div>\n\t\t\t\t<div class=\"elementor-element elementor-element-04756f7 elementor-widget elementor-widget-image\" data-id=\"04756f7\" data-element_type=\"widget\" data-widget_type=\"image.default\">\n\t\t\t\t\t\t\t\t\t\t\t\t\t\t\t<img decoding=\"async\" src=\"https:\/\/i.ibb.co\/xq4BcQH\/travel-guide.png\" title=\"\" alt=\"\" loading=\"lazy\" \/>\t\t\t\t\t\t\t\t\t\t\t\t\t\t\t<\/div>\n\t\t\t\t<div class=\"elementor-element elementor-element-568f96f elementor-invisible elementor-widget elementor-widget-text-editor\" data-id=\"568f96f\" data-element_type=\"widget\" data-settings=\"{&quot;_animation&quot;:&quot;fadeIn&quot;,&quot;_animation_delay&quot;:200}\" data-widget_type=\"text-editor.default\">\n\t\t\t\t\t\t\t\t\t<p>Modu\u0142y z dodatkowym symbolem palety s\u0105 r\u00f3wnie\u017c odpowiednie dla artyst\u00f3w.<\/p>\n\t\t\t\t\t\t\t\t<\/div>\n\t\t\t\t<div class=\"elementor-element elementor-element-2b25535 elementor-widget elementor-widget-image\" data-id=\"2b25535\" data-element_type=\"widget\" data-widget_type=\"image.default\">\n\t\t\t\t\t\t\t\t\t\t\t\t\t\t\t<img decoding=\"async\" src=\"https:\/\/i.ibb.co\/1LCxnxK\/guide-and-artist.png\" title=\"\" alt=\"\" loading=\"lazy\" \/>\t\t\t\t\t\t\t\t\t\t\t\t\t\t\t<\/div>\n\t\t\t\t<div class=\"elementor-element elementor-element-a4e7ad3 elementor-invisible elementor-widget elementor-widget-text-editor\" data-id=\"a4e7ad3\" data-element_type=\"widget\" data-settings=\"{&quot;_animation&quot;:&quot;fadeIn&quot;,&quot;_animation_delay&quot;:200}\" data-widget_type=\"text-editor.default\">\n\t\t\t\t\t\t\t\t\t<p>Je\u015bli chcesz dowiedzie\u0107 si\u0119 wi\u0119cej na temat zr\u00f3wnowa\u017conego rozwoju w turystyce, jak tworzy\u0107 wycieczki, jak<br \/>aby przemawia\u0107 publicznie, korzysta\u0107 ze strategii grywalizacji i marketingu, zarejestruj si\u0119 w #WAST Guide i wypr\u00f3buj modu\u0142y!<\/p>\n\t\t\t\t\t\t\t\t<\/div>\n\t\t\t\t<div class=\"elementor-element elementor-element-a9aea65 elementor-invisible elementor-widget elementor-widget-text-editor\" data-id=\"a9aea65\" data-element_type=\"widget\" data-settings=\"{&quot;_animation&quot;:&quot;fadeIn&quot;,&quot;_animation_delay&quot;:200}\" data-widget_type=\"text-editor.default\">\n\t\t\t\t\t\t\t\t\t<p>Mo\u017cesz wybra\u0107 preferowane przez siebie modu\u0142y i otrzyma\u0107 certyfikat uczestnictwa w<br \/>kursu dla ka\u017cdego modu\u0142u lub uko\u0144czy\u0107 ca\u0142y kurs i otrzyma\u0107 certyfikat uko\u0144czenia<br \/>po podzieleniu si\u0119 z nami swoim ko\u0144cowym projektem zwi\u0105zanym ze zr\u00f3wnowa\u017con\u0105 turystyk\u0105!<\/p>\n\t\t\t\t\t\t\t\t<\/div>\n\t\t\t\t<\/div>\n\t\t<div class=\"elementor-element elementor-element-4446ab37 e-con-full e-flex e-con e-child\" data-id=\"4446ab37\" data-element_type=\"container\" data-settings=\"{&quot;background_background&quot;:&quot;classic&quot;,&quot;background_motion_fx_motion_fx_scrolling&quot;:&quot;yes&quot;,&quot;background_motion_fx_devices&quot;:[&quot;desktop&quot;,&quot;tablet&quot;,&quot;mobile&quot;]}\">\n\t\t\t\t<\/div>\n\t\t\t\t\t<\/div>\n\t\t\t\t<\/div>\n\t\t<div class=\"elementor-element elementor-element-cf89b38 e-flex e-con-boxed e-con e-parent\" data-id=\"cf89b38\" data-element_type=\"container\">\n\t\t\t\t\t<div class=\"e-con-inner\">\n\t\t\t\t<div class=\"elementor-element elementor-element-2414ccc elementor-widget-divider--view-line elementor-widget elementor-widget-divider\" data-id=\"2414ccc\" data-element_type=\"widget\" data-widget_type=\"divider.default\">\n\t\t\t\t\t\t\t<div class=\"elementor-divider\">\n\t\t\t<span class=\"elementor-divider-separator\">\n\t\t\t\t\t\t<\/span>\n\t\t<\/div>\n\t\t\t\t\t\t<\/div>\n\t\t\t\t\t<\/div>\n\t\t\t\t<\/div>\n\t\t<div class=\"elementor-element elementor-element-eb1b886 e-flex e-con-boxed e-con e-parent\" data-id=\"eb1b886\" data-element_type=\"container\">\n\t\t\t\t\t<div class=\"e-con-inner\">\n\t\t\t\t<div class=\"elementor-element elementor-element-063b609 elementor-grid-eael-col-3 elementor-grid-tablet-eael-col-2 elementor-grid-mobile-eael-col-1 elementor-widget elementor-widget-eael-post-grid\" data-id=\"063b609\" data-element_type=\"widget\" data-settings=\"{&quot;eael_post_grid_columns&quot;:&quot;eael-col-3&quot;,&quot;eael_post_grid_columns_tablet&quot;:&quot;eael-col-2&quot;,&quot;eael_post_grid_columns_mobile&quot;:&quot;eael-col-1&quot;}\" data-widget_type=\"eael-post-grid.default\">\n\t\t\t\t\t<div id=\"eael-post-grid-063b609\" class=\"eael-post-grid-container\">\n            <div class=\"eael-post-grid eael-post-appender eael-post-appender-063b609 eael-post-grid-style-two\" data-layout-mode=\"masonry\"><article class=\"eael-grid-post eael-post-grid-column\" data-id=\"12190\">\n    <div class=\"eael-grid-post-holder\">\n        <div class=\"eael-grid-post-holder-inner\"><div class=\"eael-entry-media\"><div class=\"eael-entry-overlay fade-in\"><i class=\"fas fa-long-arrow-alt-right\" aria-hidden=\"true\"><\/i><a href=\"https:\/\/www.wastcommunity.eu\/pl\/courses\/modul-1-tworzenie-wycieczek-tematycznych\/\"><\/a><\/div><div class=\"eael-entry-thumbnail eael-image-ratio\">\n                            <img fetchpriority=\"high\" decoding=\"async\" width=\"800\" height=\"534\" src=\"https:\/\/www.wastcommunity.eu\/wp-content\/uploads\/2023\/03\/pexels-pixabay-290316-1024x683.jpg\" class=\"attachment-large size-large wp-image-12191\" alt=\"\" srcset=\"https:\/\/www.wastcommunity.eu\/wp-content\/uploads\/2023\/03\/pexels-pixabay-290316-1024x683.jpg 1024w, https:\/\/www.wastcommunity.eu\/wp-content\/uploads\/2023\/03\/pexels-pixabay-290316-300x200.jpg 300w, https:\/\/www.wastcommunity.eu\/wp-content\/uploads\/2023\/03\/pexels-pixabay-290316-768x512.jpg 768w, https:\/\/www.wastcommunity.eu\/wp-content\/uploads\/2023\/03\/pexels-pixabay-290316-1536x1024.jpg 1536w, https:\/\/www.wastcommunity.eu\/wp-content\/uploads\/2023\/03\/pexels-pixabay-290316-2048x1365.jpg 2048w, https:\/\/www.wastcommunity.eu\/wp-content\/uploads\/2023\/03\/pexels-pixabay-290316-50x33.jpg 50w, https:\/\/www.wastcommunity.eu\/wp-content\/uploads\/2023\/03\/pexels-pixabay-290316-100x67.jpg 100w\" sizes=\"(max-width: 800px) 100vw, 800px\" \/>\n                            <\/div>\n                    <\/div><div class=\"eael-entry-wrapper\"><header class=\"eael-entry-header\"><h2 class=\"eael-entry-title\"><a class=\"eael-grid-post-link\" href=\"https:\/\/www.wastcommunity.eu\/pl\/courses\/modul-1-tworzenie-wycieczek-tematycznych\/\" title=\"Modu\u0142 1: Tworzenie wycieczek tematycznych\">Modu\u0142 1: Tworzenie wycieczek tematycznych<\/a><\/h2><\/header><\/div><\/div>\n    <\/div>\n<\/article><article class=\"eael-grid-post eael-post-grid-column\" data-id=\"12390\">\n    <div class=\"eael-grid-post-holder\">\n        <div class=\"eael-grid-post-holder-inner\"><div class=\"eael-entry-media\"><div class=\"eael-entry-overlay fade-in\"><i class=\"fas fa-long-arrow-alt-right\" aria-hidden=\"true\"><\/i><a href=\"https:\/\/www.wastcommunity.eu\/pl\/courses\/modul-2-tworzenie-wycieczek-alternatywnych\/\"><\/a><\/div><div class=\"eael-entry-thumbnail eael-image-ratio\">\n                            <img decoding=\"async\" width=\"800\" height=\"534\" src=\"https:\/\/www.wastcommunity.eu\/wp-content\/uploads\/2023\/03\/pexels-robert-14077148-1024x683.jpg\" class=\"attachment-large size-large wp-image-12392\" alt=\"\" srcset=\"https:\/\/www.wastcommunity.eu\/wp-content\/uploads\/2023\/03\/pexels-robert-14077148-1024x683.jpg 1024w, https:\/\/www.wastcommunity.eu\/wp-content\/uploads\/2023\/03\/pexels-robert-14077148-300x200.jpg 300w, https:\/\/www.wastcommunity.eu\/wp-content\/uploads\/2023\/03\/pexels-robert-14077148-768x512.jpg 768w, https:\/\/www.wastcommunity.eu\/wp-content\/uploads\/2023\/03\/pexels-robert-14077148-1536x1024.jpg 1536w, https:\/\/www.wastcommunity.eu\/wp-content\/uploads\/2023\/03\/pexels-robert-14077148-2048x1366.jpg 2048w, https:\/\/www.wastcommunity.eu\/wp-content\/uploads\/2023\/03\/pexels-robert-14077148-50x33.jpg 50w, https:\/\/www.wastcommunity.eu\/wp-content\/uploads\/2023\/03\/pexels-robert-14077148-100x67.jpg 100w\" sizes=\"(max-width: 800px) 100vw, 800px\" \/>\n                            <\/div>\n                    <\/div><div class=\"eael-entry-wrapper\"><header class=\"eael-entry-header\"><h2 class=\"eael-entry-title\"><a class=\"eael-grid-post-link\" href=\"https:\/\/www.wastcommunity.eu\/pl\/courses\/modul-2-tworzenie-wycieczek-alternatywnych\/\" title=\"Modu\u0142 2: Tworzenie wycieczek alternatywnych\">Modu\u0142 2: Tworzenie wycieczek alternatywnych<\/a><\/h2><\/header><\/div><\/div>\n    <\/div>\n<\/article><article class=\"eael-grid-post eael-post-grid-column\" data-id=\"10602\">\n    <div class=\"eael-grid-post-holder\">\n        <div class=\"eael-grid-post-holder-inner\"><div class=\"eael-entry-media\"><div class=\"eael-entry-overlay fade-in\"><i class=\"fas fa-long-arrow-alt-right\" aria-hidden=\"true\"><\/i><a href=\"https:\/\/www.wastcommunity.eu\/pl\/courses\/modul-3-turystyka-dostepna\/\"><\/a><\/div><div class=\"eael-entry-thumbnail eael-image-ratio\">\n                            <img decoding=\"async\" width=\"800\" height=\"534\" src=\"https:\/\/www.wastcommunity.eu\/wp-content\/uploads\/2023\/05\/pexels-eren-li-7188804-1024x683.jpg\" class=\"attachment-large size-large wp-image-10594\" alt=\"\" srcset=\"https:\/\/www.wastcommunity.eu\/wp-content\/uploads\/2023\/05\/pexels-eren-li-7188804-1024x683.jpg 1024w, https:\/\/www.wastcommunity.eu\/wp-content\/uploads\/2023\/05\/pexels-eren-li-7188804-300x200.jpg 300w, https:\/\/www.wastcommunity.eu\/wp-content\/uploads\/2023\/05\/pexels-eren-li-7188804-768x512.jpg 768w, https:\/\/www.wastcommunity.eu\/wp-content\/uploads\/2023\/05\/pexels-eren-li-7188804-1536x1024.jpg 1536w, https:\/\/www.wastcommunity.eu\/wp-content\/uploads\/2023\/05\/pexels-eren-li-7188804-2048x1365.jpg 2048w, https:\/\/www.wastcommunity.eu\/wp-content\/uploads\/2023\/05\/pexels-eren-li-7188804-50x33.jpg 50w, https:\/\/www.wastcommunity.eu\/wp-content\/uploads\/2023\/05\/pexels-eren-li-7188804-100x67.jpg 100w\" sizes=\"(max-width: 800px) 100vw, 800px\" \/>\n                            <\/div>\n                    <\/div><div class=\"eael-entry-wrapper\"><header class=\"eael-entry-header\"><h2 class=\"eael-entry-title\"><a class=\"eael-grid-post-link\" href=\"https:\/\/www.wastcommunity.eu\/pl\/courses\/modul-3-turystyka-dostepna\/\" title=\"Modu\u0142 3: Turystyka dost\u0119pna\">Modu\u0142 3: Turystyka dost\u0119pna<\/a><\/h2><\/header><\/div><\/div>\n    <\/div>\n<\/article><article class=\"eael-grid-post eael-post-grid-column\" data-id=\"12414\">\n    <div class=\"eael-grid-post-holder\">\n        <div class=\"eael-grid-post-holder-inner\"><div class=\"eael-entry-media\"><div class=\"eael-entry-overlay fade-in\"><i class=\"fas fa-long-arrow-alt-right\" aria-hidden=\"true\"><\/i><a href=\"https:\/\/www.wastcommunity.eu\/pl\/courses\/modul-4-storytelling-i-podstawy-emisji-glosu\/\"><\/a><\/div><div class=\"eael-entry-thumbnail eael-image-ratio\">\n                            <img loading=\"lazy\" decoding=\"async\" width=\"800\" height=\"530\" src=\"https:\/\/www.wastcommunity.eu\/wp-content\/uploads\/2023\/04\/module4-e1686846765133-1024x678.jpg\" class=\"attachment-large size-large wp-image-12417\" alt=\"\" srcset=\"https:\/\/www.wastcommunity.eu\/wp-content\/uploads\/2023\/04\/module4-e1686846765133-1024x678.jpg 1024w, https:\/\/www.wastcommunity.eu\/wp-content\/uploads\/2023\/04\/module4-e1686846765133-300x199.jpg 300w, https:\/\/www.wastcommunity.eu\/wp-content\/uploads\/2023\/04\/module4-e1686846765133-768x509.jpg 768w, https:\/\/www.wastcommunity.eu\/wp-content\/uploads\/2023\/04\/module4-e1686846765133-1536x1017.jpg 1536w, https:\/\/www.wastcommunity.eu\/wp-content\/uploads\/2023\/04\/module4-e1686846765133-2048x1356.jpg 2048w, https:\/\/www.wastcommunity.eu\/wp-content\/uploads\/2023\/04\/module4-e1686846765133-50x33.jpg 50w, https:\/\/www.wastcommunity.eu\/wp-content\/uploads\/2023\/04\/module4-e1686846765133-100x66.jpg 100w\" sizes=\"(max-width: 800px) 100vw, 800px\" \/>\n                            <\/div>\n                    <\/div><div class=\"eael-entry-wrapper\"><header class=\"eael-entry-header\"><h2 class=\"eael-entry-title\"><a class=\"eael-grid-post-link\" href=\"https:\/\/www.wastcommunity.eu\/pl\/courses\/modul-4-storytelling-i-podstawy-emisji-glosu\/\" title=\"Modu\u0142 4: Storytelling i podstawy emisji g\u0142osu\">Modu\u0142 4: Storytelling i podstawy emisji g\u0142osu<\/a><\/h2><\/header><\/div><\/div>\n    <\/div>\n<\/article><article class=\"eael-grid-post eael-post-grid-column\" data-id=\"10526\">\n    <div class=\"eael-grid-post-holder\">\n        <div class=\"eael-grid-post-holder-inner\"><div class=\"eael-entry-media\"><div class=\"eael-entry-overlay fade-in\"><i class=\"fas fa-long-arrow-alt-right\" aria-hidden=\"true\"><\/i><a href=\"https:\/\/www.wastcommunity.eu\/pl\/courses\/modul-5-grywalizacja-w-odniesieniu-do-turystyki\/\"><\/a><\/div><div class=\"eael-entry-thumbnail eael-image-ratio\">\n                            <img loading=\"lazy\" decoding=\"async\" width=\"800\" height=\"532\" src=\"https:\/\/www.wastcommunity.eu\/wp-content\/uploads\/2023\/06\/pexels-eugene-capon-5881140-scaled-e1686847231539-1024x681.jpg\" class=\"attachment-large size-large wp-image-10529\" alt=\"\" srcset=\"https:\/\/www.wastcommunity.eu\/wp-content\/uploads\/2023\/06\/pexels-eugene-capon-5881140-scaled-e1686847231539-1024x681.jpg 1024w, https:\/\/www.wastcommunity.eu\/wp-content\/uploads\/2023\/06\/pexels-eugene-capon-5881140-scaled-e1686847231539-300x199.jpg 300w, https:\/\/www.wastcommunity.eu\/wp-content\/uploads\/2023\/06\/pexels-eugene-capon-5881140-scaled-e1686847231539-768x510.jpg 768w, https:\/\/www.wastcommunity.eu\/wp-content\/uploads\/2023\/06\/pexels-eugene-capon-5881140-scaled-e1686847231539-50x33.jpg 50w, https:\/\/www.wastcommunity.eu\/wp-content\/uploads\/2023\/06\/pexels-eugene-capon-5881140-scaled-e1686847231539-100x66.jpg 100w, https:\/\/www.wastcommunity.eu\/wp-content\/uploads\/2023\/06\/pexels-eugene-capon-5881140-scaled-e1686847231539.jpg 1118w\" sizes=\"(max-width: 800px) 100vw, 800px\" \/>\n                            <\/div>\n                    <\/div><div class=\"eael-entry-wrapper\"><header class=\"eael-entry-header\"><h2 class=\"eael-entry-title\"><a class=\"eael-grid-post-link\" href=\"https:\/\/www.wastcommunity.eu\/pl\/courses\/modul-5-grywalizacja-w-odniesieniu-do-turystyki\/\" title=\"Modu\u0142 5: Grywalizacja w odniesieniu do turystyki\">Modu\u0142 5: Grywalizacja w odniesieniu do turystyki<\/a><\/h2><\/header><\/div><\/div>\n    <\/div>\n<\/article><article class=\"eael-grid-post eael-post-grid-column\" data-id=\"10427\">\n    <div class=\"eael-grid-post-holder\">\n        <div class=\"eael-grid-post-holder-inner\"><div class=\"eael-entry-media\"><div class=\"eael-entry-overlay fade-in\"><i class=\"fas fa-long-arrow-alt-right\" aria-hidden=\"true\"><\/i><a href=\"https:\/\/www.wastcommunity.eu\/pl\/courses\/modul-6-postrzeganie-i-podejscie-do-turysty\/\"><\/a><\/div><div class=\"eael-entry-thumbnail eael-image-ratio\">\n                            <img loading=\"lazy\" decoding=\"async\" width=\"800\" height=\"534\" src=\"https:\/\/www.wastcommunity.eu\/wp-content\/uploads\/2023\/06\/pexels-fauxels-3228688-1024x683.jpg\" class=\"attachment-large size-large wp-image-10421\" alt=\"\" srcset=\"https:\/\/www.wastcommunity.eu\/wp-content\/uploads\/2023\/06\/pexels-fauxels-3228688-1024x683.jpg 1024w, https:\/\/www.wastcommunity.eu\/wp-content\/uploads\/2023\/06\/pexels-fauxels-3228688-300x200.jpg 300w, https:\/\/www.wastcommunity.eu\/wp-content\/uploads\/2023\/06\/pexels-fauxels-3228688-768x513.jpg 768w, https:\/\/www.wastcommunity.eu\/wp-content\/uploads\/2023\/06\/pexels-fauxels-3228688-1536x1025.jpg 1536w, https:\/\/www.wastcommunity.eu\/wp-content\/uploads\/2023\/06\/pexels-fauxels-3228688-2048x1367.jpg 2048w, https:\/\/www.wastcommunity.eu\/wp-content\/uploads\/2023\/06\/pexels-fauxels-3228688-50x33.jpg 50w, https:\/\/www.wastcommunity.eu\/wp-content\/uploads\/2023\/06\/pexels-fauxels-3228688-100x67.jpg 100w\" sizes=\"(max-width: 800px) 100vw, 800px\" \/>\n                            <\/div>\n                    <\/div><div class=\"eael-entry-wrapper\"><header class=\"eael-entry-header\"><h2 class=\"eael-entry-title\"><a class=\"eael-grid-post-link\" href=\"https:\/\/www.wastcommunity.eu\/pl\/courses\/modul-6-postrzeganie-i-podejscie-do-turysty\/\" title=\"Modu\u0142 6: Postrzeganie i podej\u015bcie do turysty\">Modu\u0142 6: Postrzeganie i podej\u015bcie do turysty<\/a><\/h2><\/header><\/div><\/div>\n    <\/div>\n<\/article><article class=\"eael-grid-post eael-post-grid-column\" data-id=\"10388\">\n    <div class=\"eael-grid-post-holder\">\n        <div class=\"eael-grid-post-holder-inner\"><div class=\"eael-entry-media\"><div class=\"eael-entry-overlay fade-in\"><i class=\"fas fa-long-arrow-alt-right\" aria-hidden=\"true\"><\/i><a href=\"https:\/\/www.wastcommunity.eu\/pl\/courses\/modul-7-retoryka-i-wystepy-publiczne\/\"><\/a><\/div><div class=\"eael-entry-thumbnail eael-image-ratio\">\n                            <img loading=\"lazy\" decoding=\"async\" width=\"800\" height=\"534\" src=\"https:\/\/www.wastcommunity.eu\/wp-content\/uploads\/2023\/06\/pexels-\u795d-\u9e64\u69d0-716276-1024x683.jpg\" class=\"attachment-large size-large wp-image-10378\" alt=\"\" srcset=\"https:\/\/www.wastcommunity.eu\/wp-content\/uploads\/2023\/06\/pexels-\u795d-\u9e64\u69d0-716276-1024x683.jpg 1024w, https:\/\/www.wastcommunity.eu\/wp-content\/uploads\/2023\/06\/pexels-\u795d-\u9e64\u69d0-716276-300x200.jpg 300w, https:\/\/www.wastcommunity.eu\/wp-content\/uploads\/2023\/06\/pexels-\u795d-\u9e64\u69d0-716276-768x512.jpg 768w, https:\/\/www.wastcommunity.eu\/wp-content\/uploads\/2023\/06\/pexels-\u795d-\u9e64\u69d0-716276-1536x1024.jpg 1536w, https:\/\/www.wastcommunity.eu\/wp-content\/uploads\/2023\/06\/pexels-\u795d-\u9e64\u69d0-716276-2048x1365.jpg 2048w, https:\/\/www.wastcommunity.eu\/wp-content\/uploads\/2023\/06\/pexels-\u795d-\u9e64\u69d0-716276-50x33.jpg 50w, https:\/\/www.wastcommunity.eu\/wp-content\/uploads\/2023\/06\/pexels-\u795d-\u9e64\u69d0-716276-100x67.jpg 100w\" sizes=\"(max-width: 800px) 100vw, 800px\" \/>\n                            <\/div>\n                    <\/div><div class=\"eael-entry-wrapper\"><header class=\"eael-entry-header\"><h2 class=\"eael-entry-title\"><a class=\"eael-grid-post-link\" href=\"https:\/\/www.wastcommunity.eu\/pl\/courses\/modul-7-retoryka-i-wystepy-publiczne\/\" title=\"Modu\u0142 7: Retoryka i wyst\u0119py publiczne\">Modu\u0142 7: Retoryka i wyst\u0119py publiczne<\/a><\/h2><\/header><\/div><\/div>\n    <\/div>\n<\/article><\/div>\n            <div class=\"clearfix\"><\/div>\n        <\/div>            <div class=\"eael-load-more-button-wrap eael-force-hide\">\n                <button class=\"eael-load-more-button\" id=\"eael-load-more-btn-063b609\" data-widget-id=\"063b609\" data-widget=\"063b609\" data-page-id=\"11771\" data-template=\"{&quot;dir&quot;:&quot;lite&quot;,&quot;file_name&quot;:&quot;two.php&quot;,&quot;name&quot;:&quot;Post-Grid&quot;}\" data-class=\"Essential_Addons_Elementor\\Elements\\Post_Grid\" data-layout=\"masonry\" data-page=\"1\" data-args=\"orderby=title&amp;order=asc&amp;ignore_sticky_posts=0&amp;post_status=publish&amp;posts_per_page=7&amp;offset=0&amp;post_type=sfwd-courses\" data-max-page=\"2\">\n                    <span class=\"eael-btn-loader button__loader\"><\/span>\n                    <span class=\"eael_load_more_text\">Za\u0142aduj wi\u0119cej<\/span>\n                <\/button>\n            <\/div>\n            \t\t\t\t<\/div>\n\t\t\t\t\t<\/div>\n\t\t\t\t<\/div>\n\t\t\t\t<\/div>\n\t\t","protected":false},"excerpt":{"rendered":"<p>Przewodnik #WAST #WAST Guide to wyj\u0105tkowy kurs online dla m\u0142odych ludzi o tematyce turystycznej lub przewodnickiejprofesjonalist\u00f3w z bran\u017cy turystycznej, artyst\u00f3w i wszystkich zainteresowanych tematyk\u0105alternatywna i zr\u00f3wnowa\u017cona turystyka. Ten bezp\u0142atny kurs zawiera tematy i materia\u0142y edukacyjne, kt\u00f3re zwykle nie s\u0105 dostarczane przezWydzia\u0142y Turystyki w szkolnictwie wy\u017cszym. Wszystkie modu\u0142y s\u0105 odpowiednie dla obecnych i przysz\u0142ych przewodnik\u00f3w turystycznych. [&hellip;]<\/p>\n","protected":false},"author":1098,"featured_media":0,"parent":0,"menu_order":0,"comment_status":"closed","ping_status":"closed","template":"","meta":{"footnotes":""},"class_list":["post-11771","page","type-page","status-publish","hentry"],"jetpack_sharing_enabled":true,"_links":{"self":[{"href":"https:\/\/www.wastcommunity.eu\/pl\/wp-json\/wp\/v2\/pages\/11771","targetHints":{"allow":["GET"]}}],"collection":[{"href":"https:\/\/www.wastcommunity.eu\/pl\/wp-json\/wp\/v2\/pages"}],"about":[{"href":"https:\/\/www.wastcommunity.eu\/pl\/wp-json\/wp\/v2\/types\/page"}],"author":[{"embeddable":true,"href":"https:\/\/www.wastcommunity.eu\/pl\/wp-json\/wp\/v2\/users\/1098"}],"replies":[{"embeddable":true,"href":"https:\/\/www.wastcommunity.eu\/pl\/wp-json\/wp\/v2\/comments?post=11771"}],"version-history":[{"count":21,"href":"https:\/\/www.wastcommunity.eu\/pl\/wp-json\/wp\/v2\/pages\/11771\/revisions"}],"predecessor-version":[{"id":16905,"href":"https:\/\/www.wastcommunity.eu\/pl\/wp-json\/wp\/v2\/pages\/11771\/revisions\/16905"}],"wp:attachment":[{"href":"https:\/\/www.wastcommunity.eu\/pl\/wp-json\/wp\/v2\/media?parent=11771"}],"curies":[{"name":"wp","href":"https:\/\/api.w.org\/{rel}","templated":true}]}}