{"id":11712,"date":"2023-01-18T19:20:56","date_gmt":"2023-01-18T17:20:56","guid":{"rendered":""},"modified":"2024-08-03T15:01:18","modified_gmt":"2024-08-03T13:01:18","slug":"spolecznosc-internetowa-wast","status":"publish","type":"page","link":"https:\/\/www.wastcommunity.eu\/pl\/spolecznosc-internetowa-wast\/","title":{"rendered":"Spo\u0142eczno\u015b\u0107 internetowa #WAST"},"content":{"rendered":"\t\t<div data-elementor-type=\"wp-page\" data-elementor-id=\"11712\" class=\"elementor elementor-11712 elementor-2363\" data-elementor-post-type=\"page\">\n\t\t\t\t<div class=\"elementor-element elementor-element-297e8d6b e-flex e-con-boxed e-con e-parent\" data-id=\"297e8d6b\" data-element_type=\"container\" data-settings=\"{&quot;background_background&quot;:&quot;classic&quot;}\">\n\t\t\t\t\t<div class=\"e-con-inner\">\n\t\t<div class=\"elementor-element elementor-element-549347e3 e-con-full e-flex e-con e-child\" data-id=\"549347e3\" data-element_type=\"container\" data-settings=\"{&quot;background_background&quot;:&quot;classic&quot;}\">\n\t\t\t\t<div class=\"elementor-element elementor-element-ece7836 elementor-widget elementor-widget-image-box\" data-id=\"ece7836\" data-element_type=\"widget\" data-widget_type=\"image-box.default\">\n\t\t\t\t\t<div class=\"elementor-image-box-wrapper\"><div class=\"elementor-image-box-content\"><h4 class=\"elementor-image-box-title\">Dlaczego warto do\u0142\u0105czy\u0107 do Spo\u0142eczno\u015bci #WAST?<\/h4><p class=\"elementor-image-box-description\">Spo\u0142eczno\u015b\u0107 internetowa #WAST to platforma, kt\u00f3ry pozwala przewodnikom i turystom kontaktowa\u0107 si\u0119 ze sob\u0105, w\u0142\u0105czaj\u0105c w to osoby o podobnych zainteresowaniach zwi\u0105zanych z alternatywn\u0105 i zr\u00f3wnowa\u017con\u0105 turystyk\u0105. U\u017cytkownicy mog\u0105 dzieli\u0107 si\u0119 zdj\u0119ciami, filmami, artyku\u0142ami i opiniami z innymi osobami. <\/p><\/div><\/div>\t\t\t\t<\/div>\n\t\t\t\t<div class=\"elementor-element elementor-element-9e58245 elementor-widget elementor-widget-image-box\" data-id=\"9e58245\" data-element_type=\"widget\" data-widget_type=\"image-box.default\">\n\t\t\t\t\t<div class=\"elementor-image-box-wrapper\"><div class=\"elementor-image-box-content\"><h4 class=\"elementor-image-box-title\">Jaki jest cel #WAST?<\/h4><p class=\"elementor-image-box-description\">G\u0142\u00f3wnym celem #WAST jest wspieranie m\u0142odych os\u00f3b, a zw\u0142aszcza kobiet zwi\u0105zanych z sektorem turystyki poprzez anga\u017cowanie ich w dzia\u0142ania szkoleniowe w zakresie tworzenia unikalnych, zr\u00f3wnowa\u017conych wycieczek oraz we wspieranie dziedzictwa kulturowego. Projekt ma na calu wyposa\u017cenie m\u0142odych os\u00f3b w cyfrowe narz\u0119dzia edukacyjne, aby mogli zdoby\u0107 cenne umiej\u0119tno\u015bci, dzi\u0119ki kt\u00f3rym b\u0119d\u0105 mieli szans\u0119 na zatrudnienie w sektorze turystyki. #WAST ma na celu stworzenie spo\u0142eczno\u015bci os\u00f3b zainteresowanych turystyk\u0105 alternatywn\u0105.<\/p><\/div><\/div>\t\t\t\t<\/div>\n\t\t\t\t<\/div>\n\t\t<div class=\"elementor-element elementor-element-e89d197 e-con-full e-flex e-con e-child\" data-id=\"e89d197\" data-element_type=\"container\">\n\t\t\t\t<div class=\"elementor-element elementor-element-1969fa76 elementor-widget__width-initial elementor-widget elementor-widget-heading\" data-id=\"1969fa76\" data-element_type=\"widget\" data-widget_type=\"heading.default\">\n\t\t\t\t\t<h2 class=\"elementor-heading-title elementor-size-default\">Spo\u0142eczno\u015b\u0107 internetowa #WAST<\/h2>\t\t\t\t<\/div>\n\t\t\t\t<div class=\"elementor-element elementor-element-fcaa384 elementor-widget elementor-widget-text-editor\" data-id=\"fcaa384\" data-element_type=\"widget\" data-widget_type=\"text-editor.default\">\n\t\t\t\t\t\t\t\t\t<p>Spo\u0142eczno\u015b\u0107 internetowa daje m\u0142odym profesjonalistom mo\u017cliwo\u015b\u0107 tworzenia nowych sieci wsp\u00f3\u0142pracy mi\u0119dzy krajami partnerskimi a innymi r\u00f3\u017cnymi podmiotami zajmuj\u0105cymi si\u0119 zr\u00f3wnowa\u017con\u0105 i alternatywn\u0105 turystyk\u0105 (organizacjami, osobami fizycznymi itp.) w celu promowania swojej pracy\/tw\u00f3rczo\u015bci.<\/p>\n\t\t\t\t\t\t\t\t<\/div>\n\t\t\t\t<\/div>\n\t\t\t\t\t<\/div>\n\t\t\t\t<\/div>\n\t\t<div class=\"elementor-element elementor-element-7478e37 e-flex e-con-boxed e-con e-parent\" data-id=\"7478e37\" data-element_type=\"container\" data-settings=\"{&quot;background_background&quot;:&quot;classic&quot;}\">\n\t\t\t\t\t<div class=\"e-con-inner\">\n\t\t\t\t<div class=\"elementor-element elementor-element-c192983 elementor-widget__width-initial elementor-widget elementor-widget-heading\" data-id=\"c192983\" data-element_type=\"widget\" data-widget_type=\"heading.default\">\n\t\t\t\t\t<h2 class=\"elementor-heading-title elementor-size-default\">Instrukcja korzystania z platformy spo\u0142eczno\u015bciowej #WAST<\/h2>\t\t\t\t<\/div>\n\t\t\t\t\t<\/div>\n\t\t\t\t<\/div>\n\t\t<div class=\"elementor-element elementor-element-bf3ea09 e-flex e-con-boxed e-con e-parent\" data-id=\"bf3ea09\" data-element_type=\"container\" data-settings=\"{&quot;background_background&quot;:&quot;classic&quot;}\">\n\t\t\t\t\t<div class=\"e-con-inner\">\n\t\t\t\t<div class=\"elementor-element elementor-element-59c0a42 elementor-widget elementor-widget-text-editor\" data-id=\"59c0a42\" data-element_type=\"widget\" data-widget_type=\"text-editor.default\">\n\t\t\t\t\t\t\t\t\t<p>Instrukcja ma na celu pomoc u\u017cytkownikom w poruszaniu si\u0119 po platformie spo\u0142eczno\u015bciowej. Ten dokument krok po kroku wyja\u015bnia, jak utworzy\u0107 profil, nawi\u0105za\u0107 kontakt z innymi u\u017cytkownikami, do\u0142\u0105czy\u0107 do grup, bra\u0107 udzia\u0142 w dyskusjach oraz korzysta\u0107 z rozmaitych funkcji. Mo\u017cesz skorzysta\u0107 z instrukcji, niezale\u017cnie od tego, czy jeste\u015b pocz\u0105tkuj\u0105cym u\u017cytkownikiem portali spo\u0142eczno\u015bciowych, czy do\u015bwiadczonym specjalist\u0105.<\/p>\n\t\t\t\t\t\t\t\t<\/div>\n\t\t\t\t\t<\/div>\n\t\t\t\t<\/div>\n\t\t<div class=\"elementor-element elementor-element-11c6867 e-flex e-con-boxed e-con e-parent\" data-id=\"11c6867\" data-element_type=\"container\">\n\t\t\t\t\t<div class=\"e-con-inner\">\n\t\t\t\t<div class=\"elementor-element elementor-element-4c2d917 elementor-align-center elementor-widget elementor-widget-button\" data-id=\"4c2d917\" data-element_type=\"widget\" data-widget_type=\"button.default\">\n\t\t\t\t\t\t\t\t\t\t<a class=\"elementor-button elementor-button-link elementor-size-xs\" href=\"https:\/\/www.wastcommunity.eu\/wp-content\/uploads\/2024\/08\/COMMUNITY-GUIDE_PL.pdf\" target=\"_blank\">\n\t\t\t\t\t\t<span class=\"elementor-button-content-wrapper\">\n\t\t\t\t\t\t\t\t\t<span class=\"elementor-button-text\">pobierz instrukcj\u0119<\/span>\n\t\t\t\t\t<\/span>\n\t\t\t\t\t<\/a>\n\t\t\t\t\t\t\t\t<\/div>\n\t\t\t\t\t<\/div>\n\t\t\t\t<\/div>\n\t\t\t\t<\/div>\n\t\t","protected":false},"excerpt":{"rendered":"<p>Dlaczego warto do\u0142\u0105czy\u0107 do Spo\u0142eczno\u015bci #WAST? Spo\u0142eczno\u015b\u0107 internetowa #WAST to platforma, kt\u00f3ry pozwala przewodnikom i turystom kontaktowa\u0107 si\u0119 ze sob\u0105, w\u0142\u0105czaj\u0105c w to osoby o podobnych zainteresowaniach zwi\u0105zanych z alternatywn\u0105 i zr\u00f3wnowa\u017con\u0105 turystyk\u0105. U\u017cytkownicy mog\u0105 dzieli\u0107 si\u0119 zdj\u0119ciami, filmami, artyku\u0142ami i opiniami z innymi osobami. Jaki jest cel #WAST? G\u0142\u00f3wnym celem #WAST jest wspieranie m\u0142odych [&hellip;]<\/p>\n","protected":false},"author":1098,"featured_media":0,"parent":0,"menu_order":0,"comment_status":"closed","ping_status":"closed","template":"","meta":{"footnotes":""},"class_list":["post-11712","page","type-page","status-publish","hentry"],"jetpack_sharing_enabled":true,"_links":{"self":[{"href":"https:\/\/www.wastcommunity.eu\/pl\/wp-json\/wp\/v2\/pages\/11712","targetHints":{"allow":["GET"]}}],"collection":[{"href":"https:\/\/www.wastcommunity.eu\/pl\/wp-json\/wp\/v2\/pages"}],"about":[{"href":"https:\/\/www.wastcommunity.eu\/pl\/wp-json\/wp\/v2\/types\/page"}],"author":[{"embeddable":true,"href":"https:\/\/www.wastcommunity.eu\/pl\/wp-json\/wp\/v2\/users\/1098"}],"replies":[{"embeddable":true,"href":"https:\/\/www.wastcommunity.eu\/pl\/wp-json\/wp\/v2\/comments?post=11712"}],"version-history":[{"count":10,"href":"https:\/\/www.wastcommunity.eu\/pl\/wp-json\/wp\/v2\/pages\/11712\/revisions"}],"predecessor-version":[{"id":15630,"href":"https:\/\/www.wastcommunity.eu\/pl\/wp-json\/wp\/v2\/pages\/11712\/revisions\/15630"}],"wp:attachment":[{"href":"https:\/\/www.wastcommunity.eu\/pl\/wp-json\/wp\/v2\/media?parent=11712"}],"curies":[{"name":"wp","href":"https:\/\/api.w.org\/{rel}","templated":true}]}}