{"id":11792,"date":"2022-09-12T17:50:25","date_gmt":"2022-09-12T15:50:25","guid":{"rendered":""},"modified":"2024-07-15T14:35:34","modified_gmt":"2024-07-15T12:35:34","slug":"i-partner","status":"publish","type":"page","link":"https:\/\/www.wastcommunity.eu\/it\/i-partner\/","title":{"rendered":"I partner"},"content":{"rendered":"\t\t<div data-elementor-type=\"wp-page\" data-elementor-id=\"11792\" class=\"elementor elementor-11792 elementor-324\" data-elementor-post-type=\"page\">\n\t\t\t\t\t\t<section class=\"elementor-section elementor-top-section elementor-element elementor-element-751de019 elementor-section-height-min-height elementor-section-items-top elementor-section-boxed elementor-section-height-default\" data-id=\"751de019\" data-element_type=\"section\" data-settings=\"{&quot;background_background&quot;:&quot;classic&quot;}\">\n\t\t\t\t\t\t<div class=\"elementor-container elementor-column-gap-default\">\n\t\t\t\t\t<div class=\"elementor-column elementor-col-100 elementor-top-column elementor-element elementor-element-6b23254b\" data-id=\"6b23254b\" data-element_type=\"column\">\n\t\t\t<div class=\"elementor-widget-wrap elementor-element-populated\">\n\t\t\t\t\t\t<section class=\"elementor-section elementor-inner-section elementor-element elementor-element-592a355f elementor-section-content-middle elementor-section-boxed elementor-section-height-default elementor-section-height-default\" data-id=\"592a355f\" data-element_type=\"section\">\n\t\t\t\t\t\t<div class=\"elementor-container elementor-column-gap-default\">\n\t\t\t\t\t<div class=\"elementor-column elementor-col-50 elementor-inner-column elementor-element elementor-element-9e064b5\" data-id=\"9e064b5\" data-element_type=\"column\">\n\t\t\t<div class=\"elementor-widget-wrap elementor-element-populated\">\n\t\t\t\t\t\t<div class=\"elementor-element elementor-element-84a145c elementor-widget elementor-widget-text-editor\" data-id=\"84a145c\" data-element_type=\"widget\" data-widget_type=\"text-editor.default\">\n\t\t\t\t\t\t\t\t\t<h2>I PARTNER DI WAST<\/h2>\n\t\t\t\t\t\t\t\t<\/div>\n\t\t\t\t<div class=\"elementor-element elementor-element-0dafec6 elementor-widget elementor-widget-text-editor\" data-id=\"0dafec6\" data-element_type=\"widget\" data-widget_type=\"text-editor.default\">\n\t\t\t\t\t\t\t\t\t<p>Il partenariato per il progetto WAST \u00e8 composto da 6 organizzazioni di 5 stati diversi (Cipro, Grecia, Italia, Polonia e Ucraina) che rappresentano diverse organizzazioni e istituzioni ed attuano un approccio intersettoriale con:<\/p>\n<ul>\n<li>Organizzazioni di istruzione e formazione (comprese le organizzazioni con esperienza nello sviluppo di software e risultati di e-learning)<\/li>\n<li>Universit\u00e0<\/li>\n<li>Organizzazioni giovanili e ONG che operano nel campo dell&#8217;istruzione, della partecipazione civica e del sostegno ai giovani con minori opportunit\u00e0<\/li>\n<\/ul>\n\t\t\t\t\t\t\t\t<\/div>\n\t\t\t\t\t<\/div>\n\t\t<\/div>\n\t\t\t\t<div class=\"elementor-column elementor-col-50 elementor-inner-column elementor-element elementor-element-7a00dfaa\" data-id=\"7a00dfaa\" data-element_type=\"column\">\n\t\t\t<div class=\"elementor-widget-wrap elementor-element-populated\">\n\t\t\t\t\t\t<div class=\"elementor-element elementor-element-4a46cbd7 elementor-widget elementor-widget-image\" data-id=\"4a46cbd7\" data-element_type=\"widget\" a=\"\" data-widget_type=\"image.default\">\n\t\t\t\t\t\t\t\t\t\t\t\t\t\t\t\t<a href=\"\">\n\t\t\t\t\t\t\t<img fetchpriority=\"high\" decoding=\"async\" width=\"768\" height=\"373\" src=\"https:\/\/www.wastcommunity.eu\/wp-content\/uploads\/2022\/12\/happy-friends-enjoying-harvest-time-together-drinking-wine-farm-house-countryside-min-768x373.jpg\" class=\"attachment-medium_large size-medium_large wp-image-1831\" alt=\"happy-friends-enjoying-harvest-time-together-drinking-wine-farm-house-countryside\" srcset=\"https:\/\/www.wastcommunity.eu\/wp-content\/uploads\/2022\/12\/happy-friends-enjoying-harvest-time-together-drinking-wine-farm-house-countryside-min-768x373.jpg 768w, https:\/\/www.wastcommunity.eu\/wp-content\/uploads\/2022\/12\/happy-friends-enjoying-harvest-time-together-drinking-wine-farm-house-countryside-min-300x146.jpg 300w, https:\/\/www.wastcommunity.eu\/wp-content\/uploads\/2022\/12\/happy-friends-enjoying-harvest-time-together-drinking-wine-farm-house-countryside-min.jpg 1000w\" sizes=\"(max-width: 768px) 100vw, 768px\" \/>\t\t\t\t\t\t\t\t<\/a>\n\t\t\t\t\t\t\t\t\t\t\t\t\t\t\t<\/div>\n\t\t\t\t\t<\/div>\n\t\t<\/div>\n\t\t\t\t\t<\/div>\n\t\t<\/section>\n\t\t\t\t\t<\/div>\n\t\t<\/div>\n\t\t\t\t\t<\/div>\n\t\t<\/section>\n\t\t\t\t<section class=\"elementor-section elementor-top-section elementor-element elementor-element-5a733d4a elementor-section-boxed elementor-section-height-default elementor-section-height-default\" data-id=\"5a733d4a\" data-element_type=\"section\" id=\"aim\">\n\t\t\t\t\t\t<div class=\"elementor-container elementor-column-gap-default\">\n\t\t\t\t\t<div class=\"elementor-column elementor-col-100 elementor-top-column elementor-element elementor-element-7d805d47\" data-id=\"7d805d47\" data-element_type=\"column\">\n\t\t\t<div class=\"elementor-widget-wrap elementor-element-populated\">\n\t\t\t\t\t\t<section class=\"elementor-section elementor-inner-section elementor-element elementor-element-6377d246 elementor-section-boxed elementor-section-height-default elementor-section-height-default\" data-id=\"6377d246\" data-element_type=\"section\">\n\t\t\t\t\t\t<div class=\"elementor-container elementor-column-gap-default\">\n\t\t\t\t\t<div class=\"elementor-column elementor-col-33 elementor-inner-column elementor-element elementor-element-4693cafe\" data-id=\"4693cafe\" data-element_type=\"column\">\n\t\t\t<div class=\"elementor-widget-wrap elementor-element-populated\">\n\t\t\t\t\t\t<div class=\"elementor-element elementor-element-64941c89 elementor-widget elementor-widget-image\" data-id=\"64941c89\" data-element_type=\"widget\" data-widget_type=\"image.default\">\n\t\t\t\t\t\t\t\t\t\t\t\t\t\t\t\t<a href=\"https:\/\/www.oic.lublin.pl\/\">\n\t\t\t\t\t\t\t<img decoding=\"async\" src=\"https:\/\/www.wastcommunity.eu\/wp-content\/uploads\/elementor\/thumbs\/1403-268-max-min-qty1800og446e8wrotf2c6xs1g36ehy0ppajjmy51c.png\" title=\"1403-268-max-min\" alt=\"OIC\" loading=\"lazy\" \/>\t\t\t\t\t\t\t\t<\/a>\n\t\t\t\t\t\t\t\t\t\t\t\t\t\t\t<\/div>\n\t\t\t\t<div class=\"elementor-element elementor-element-4b5b9a2 elementor-widget elementor-widget-text-editor\" data-id=\"4b5b9a2\" data-element_type=\"widget\" data-widget_type=\"text-editor.default\">\n\t\t\t\t\t\t\t\t\t<p>L&#8217;obiettivo principale della Fondazione \u00e8 la prevenzione della disoccupazione e la promozione dello sviluppo economico attraverso l&#8217;attuazione di programmi educativi e di consulenza, rivolti agli abitanti della regione. \u00c8 stato raggiunto attraverso due flussi di base: <\/p>\n<ul>\n<li>Iniziative specifiche (corsi, seminari, conferenze, consulenza, progetti complessi) rivolte ai proprietari di PMI, ai professionisti e ad alcuni gruppi meno avvantaggiati della comunit\u00e0, finalizzate alla creazione di opportunit\u00e0 di lavoro e di lavoro autonomo, alla diffusione delle competenze e delle buone pratiche e allo sviluppo delle risorse umane.<\/li>\n<li>Servizi di formazione, sia per i singoli interessati ad acquisire nuove competenze o qualifiche, sia per le aziende\/istituzioni che richiedono una formazione su misura per i propri dipendenti.<\/li>\n<\/ul>\n\t\t\t\t\t\t\t\t<\/div>\n\t\t\t\t\t<\/div>\n\t\t<\/div>\n\t\t\t\t<div class=\"elementor-column elementor-col-33 elementor-inner-column elementor-element elementor-element-3f2f4389\" data-id=\"3f2f4389\" data-element_type=\"column\">\n\t\t\t<div class=\"elementor-widget-wrap elementor-element-populated\">\n\t\t\t\t\t\t<div class=\"elementor-element elementor-element-1f8d8ddc elementor-widget elementor-widget-image\" data-id=\"1f8d8ddc\" data-element_type=\"widget\" data-widget_type=\"image.default\">\n\t\t\t\t\t\t\t\t\t\t\t\t\t\t\t\t<a href=\"https:\/\/comcy.eu\/\">\n\t\t\t\t\t\t\t<img decoding=\"async\" src=\"https:\/\/www.wastcommunity.eu\/wp-content\/uploads\/elementor\/thumbs\/Comcy-logopng-min-qty17y502g1lr0zhzslt77euuocfz3qk1fzkl30xds.png\" title=\"Comcy logopng-min\" alt=\"Comcy\" loading=\"lazy\" \/>\t\t\t\t\t\t\t\t<\/a>\n\t\t\t\t\t\t\t\t\t\t\t\t\t\t\t<\/div>\n\t\t\t\t<div class=\"elementor-element elementor-element-c06db4e elementor-widget elementor-widget-text-editor\" data-id=\"c06db4e\" data-element_type=\"widget\" data-widget_type=\"text-editor.default\">\n\t\t\t\t\t\t\t\t\t<p>Il Centre for Competence Development Cyprus-COMCY \u00e8 stato fondato nel 2014 a Nicosia, come organizzazione no profit di formazione, ricerca e sviluppo, attiva nel campo della gestione dei progetti, della formazione e della consulenza. La nostra missione \u00e8 quella di promuovere le competenze sociali e imprenditoriali di diversi gruppi target della societ\u00e0 (individui, esperti, beneficiari e organizzazioni) attraverso soluzioni e metodi di formazione innovativi. I principali aspetti e competenze di COMCY sono:<\/p>\n<ul>\n<li>Esperienza pregressa in attivit\u00e0 di formazione e sviluppo (a livello europeo e nazionale);<\/li>\n<li>Esperienza nelle aree richieste e livello di competenza in merito;<\/li>\n<li>Accesso ai gruppi target diretti e indiretti grazie a una rete consolidata di esperti.<\/li>\n<\/ul>\n\t\t\t\t\t\t\t\t<\/div>\n\t\t\t\t\t<\/div>\n\t\t<\/div>\n\t\t\t\t<div class=\"elementor-column elementor-col-33 elementor-inner-column elementor-element elementor-element-1832480b\" data-id=\"1832480b\" data-element_type=\"column\">\n\t\t\t<div class=\"elementor-widget-wrap elementor-element-populated\">\n\t\t\t\t\t\t<div class=\"elementor-element elementor-element-131b0de elementor-widget elementor-widget-image\" data-id=\"131b0de\" data-element_type=\"widget\" data-widget_type=\"image.default\">\n\t\t\t\t\t\t\t\t\t\t\t\t\t\t\t\t<a href=\"https:\/\/www.ngomig.org\/\">\n\t\t\t\t\t\t\t<img decoding=\"async\" src=\"https:\/\/www.wastcommunity.eu\/wp-content\/uploads\/elementor\/thumbs\/YIOC-Logo-min-qty1800og446e8wrotf2c6xs1g36ehy0ppajjmy51c.png\" title=\"YIOC Logo-min\" alt=\"YIOC\" loading=\"lazy\" \/>\t\t\t\t\t\t\t\t<\/a>\n\t\t\t\t\t\t\t\t\t\t\t\t\t\t\t<\/div>\n\t\t\t\t<div class=\"elementor-element elementor-element-dd21f46 elementor-widget elementor-widget-text-editor\" data-id=\"dd21f46\" data-element_type=\"widget\" data-widget_type=\"text-editor.default\">\n\t\t\t\t\t\t\t\t\t<p>L&#8217;organizzazione civica giovanile &#8220;Youth Initiative of Cities&#8221; (YIC) di Donetsk \u00e8 un&#8217;organizzazione indipendente e sostenibile a livello nazionale in Ucraina. L&#8217;organizzazione unisce i giovani innovatori con il pensiero critico, costruendo attivamente una societ\u00e0 civile coesa.<\/p>\n<p>Dal 2011 sosteniamo i giovani e permettiamo loro di sviluppare il loro potenziale di leadership. Il nostro team ha gestito numerosi progetti locali, nazionali e internazionali.<\/p>\n<p>I nostri progetti mirano a sviluppare una societ\u00e0 civile dinamica, a implementare l&#8217;educazione non formale e il volontariato, a promuovere la cooperazione internazionale e le azioni sociali a livello locale, a sostenere gli obiettivi di sviluppo sostenibile, a promuovere i diritti umani e a sostenere i gruppi socialmente svantaggiati.<\/p>\n<p>YIC \u00e8 un&#8217;organizzazione che crea, aiuta, avvia, insegna e ispira i giovani ucraini.<\/p>\n\t\t\t\t\t\t\t\t<\/div>\n\t\t\t\t\t<\/div>\n\t\t<\/div>\n\t\t\t\t\t<\/div>\n\t\t<\/section>\n\t\t\t\t<section class=\"elementor-section elementor-inner-section elementor-element elementor-element-468deb8e elementor-section-boxed elementor-section-height-default elementor-section-height-default\" data-id=\"468deb8e\" data-element_type=\"section\">\n\t\t\t\t\t\t<div class=\"elementor-container elementor-column-gap-default\">\n\t\t\t\t\t<div class=\"elementor-column elementor-col-100 elementor-inner-column elementor-element elementor-element-3d954b2e\" data-id=\"3d954b2e\" data-element_type=\"column\">\n\t\t\t<div class=\"elementor-widget-wrap elementor-element-populated\">\n\t\t\t\t\t\t<div class=\"elementor-element elementor-element-aa77aa3 elementor-widget-divider--view-line elementor-widget elementor-widget-divider\" data-id=\"aa77aa3\" data-element_type=\"widget\" data-widget_type=\"divider.default\">\n\t\t\t\t\t\t\t<div class=\"elementor-divider\">\n\t\t\t<span class=\"elementor-divider-separator\">\n\t\t\t\t\t\t<\/span>\n\t\t<\/div>\n\t\t\t\t\t\t<\/div>\n\t\t\t\t\t<\/div>\n\t\t<\/div>\n\t\t\t\t\t<\/div>\n\t\t<\/section>\n\t\t\t\t<section class=\"elementor-section elementor-inner-section elementor-element elementor-element-16c02d6 elementor-section-boxed elementor-section-height-default elementor-section-height-default\" data-id=\"16c02d6\" data-element_type=\"section\">\n\t\t\t\t\t\t<div class=\"elementor-container elementor-column-gap-default\">\n\t\t\t\t\t<div class=\"elementor-column elementor-col-33 elementor-inner-column elementor-element elementor-element-4e9373b\" data-id=\"4e9373b\" data-element_type=\"column\">\n\t\t\t<div class=\"elementor-widget-wrap elementor-element-populated\">\n\t\t\t\t\t\t<div class=\"elementor-element elementor-element-f083155 elementor-widget elementor-widget-image\" data-id=\"f083155\" data-element_type=\"widget\" data-widget_type=\"image.default\">\n\t\t\t\t\t\t\t\t\t\t\t\t\t\t\t\t<a href=\"https:\/\/istitutosorditorino.org\/\">\n\t\t\t\t\t\t\t<img decoding=\"async\" src=\"https:\/\/www.wastcommunity.eu\/wp-content\/uploads\/elementor\/thumbs\/Ergon-Logo-min-qty17y502g1lr0zhzslt77euuocfz3qk1fzkl30xds.jpg\" title=\"Ergon Logo-min\" alt=\"Ergon\" loading=\"lazy\" \/>\t\t\t\t\t\t\t\t<\/a>\n\t\t\t\t\t\t\t\t\t\t\t\t\t\t\t<\/div>\n\t\t\t\t<div class=\"elementor-element elementor-element-34eeefc elementor-widget elementor-widget-text-editor\" data-id=\"34eeefc\" data-element_type=\"widget\" data-widget_type=\"text-editor.default\">\n\t\t\t\t\t\t\t\t\t<p>Autentica e collaudata, Ergon \u00e8 l&#8217;organizzazione sociale piemontese che si occupa di rispondere ai bisogni di protezione, salute e benessere di persone sorde, persone sordocieche (S\/sordi), soprattutto in contesti umanitari complessi e con scarse risorse.<\/p>\n<p>Lavoriamo per garantire che i S\/sordi possano vivere in sicurezza e senza temere stigmatizzazioni, discriminazioni e abusi relativi alla modalit\u00e0 di comunicazione che preferiscono che sia la Lingua dei Segni, la lingua parlata supportata dai segni, i segni appartenenti alla comunit\u00e0, il metodo uditivo e la Lingua dei Segni Tattile.<\/p>\t\t\t\t\t\t\t\t<\/div>\n\t\t\t\t\t<\/div>\n\t\t<\/div>\n\t\t\t\t<div class=\"elementor-column elementor-col-33 elementor-inner-column elementor-element elementor-element-1093b75\" data-id=\"1093b75\" data-element_type=\"column\">\n\t\t\t<div class=\"elementor-widget-wrap elementor-element-populated\">\n\t\t\t\t\t\t<div class=\"elementor-element elementor-element-35968182 elementor-widget elementor-widget-image\" data-id=\"35968182\" data-element_type=\"widget\" data-widget_type=\"image.default\">\n\t\t\t\t\t\t\t\t\t\t\t\t\t\t\t\t<a href=\"http:\/\/www.ncci.org.cy\/\">\n\t\t\t\t\t\t\t<img decoding=\"async\" src=\"https:\/\/www.wastcommunity.eu\/wp-content\/uploads\/elementor\/thumbs\/70-th-anniversary-LOGO-EN-min-qty185npl4bwbwokrvutr5ijlrbdookeqh7gfaps00.jpg\" title=\"70 th anniversary LOGO EN-min\" alt=\"NCCI\" loading=\"lazy\" \/>\t\t\t\t\t\t\t\t<\/a>\n\t\t\t\t\t\t\t\t\t\t\t\t\t\t\t<\/div>\n\t\t\t\t<div class=\"elementor-element elementor-element-21d5bf2 elementor-widget elementor-widget-text-editor\" data-id=\"21d5bf2\" data-element_type=\"widget\" data-widget_type=\"text-editor.default\">\n\t\t\t\t\t\t\t\t\t<p>La Camera di Commercio e Industria di Nicosia (NCCI) \u00e8 stata fondata nel 1952 ed \u00e8 associata alla Camera di Commercio e Industria di Cipro (CCCI). Da allora, NCCI ha attraversato varie fasi di sviluppo che hanno portato alla sua struttura attuale, che rappresenta la forma organizzativa di maggior successo delle imprese di Nicosia.<\/p>\n<p>\u00c8 un&#8217;organizzazione senza scopo di lucro, finanziariamente indipendente. La Camera \u00e8 gestita da un consiglio di 20 membri eletto dai suoi membri. La Camera di Nicosia \u00e8 rappresentata presso la CCCI attraverso i suoi rappresentanti eletti.<\/p>\n<p>Oggi, oltre 1250 aziende locali e 270 internazionali sono iscritte alla Camera di Commercio e Industria di Nicosia.<\/p>\n<p>Inoltre, la citt\u00e0 e il distretto di NCCI coprono geograficamente anche la citt\u00e0 di Kyrenia e l&#8217;area di Morphou. Il settore del turismo \u00e8 una delle priorit\u00e0 principali di NCCI.<\/p>\n\t\t\t\t\t\t\t\t<\/div>\n\t\t\t\t\t<\/div>\n\t\t<\/div>\n\t\t\t\t<div class=\"elementor-column elementor-col-33 elementor-inner-column elementor-element elementor-element-a218154\" data-id=\"a218154\" data-element_type=\"column\">\n\t\t\t<div class=\"elementor-widget-wrap elementor-element-populated\">\n\t\t\t\t\t\t<div class=\"elementor-element elementor-element-8e0eb07 elementor-widget elementor-widget-image\" data-id=\"8e0eb07\" data-element_type=\"widget\" data-widget_type=\"image.default\">\n\t\t\t\t\t\t\t\t\t\t\t\t\t\t\t\t<a href=\"https:\/\/www.cyberno.org\">\n\t\t\t\t\t\t\t<img decoding=\"async\" src=\"https:\/\/www.wastcommunity.eu\/wp-content\/uploads\/elementor\/thumbs\/Logo_Cyberno_noback_650x350-qty183s17g9boorb2v1km5zmezkn9acy27whgqskcg.png\" title=\"Logo_Cyberno_noback_650x350\" alt=\"Logo_Cyberno\" loading=\"lazy\" \/>\t\t\t\t\t\t\t\t<\/a>\n\t\t\t\t\t\t\t\t\t\t\t\t\t\t\t<\/div>\n\t\t\t\t<div class=\"elementor-element elementor-element-cbfa114 elementor-widget elementor-widget-text-editor\" data-id=\"cbfa114\" data-element_type=\"widget\" data-widget_type=\"text-editor.default\">\n\t\t\t\t\t\t\t\t\t<p>Cyberno \u00e8 un&#8217;organizzazione senza scopo di lucro che si occupa del problema dell&#8217;analfabetismo digitale in Grecia, fornendo educazione sociale a insegnanti, genitori e bambini con l&#8217;obiettivo di sviluppare le loro competenze digitali. Gli aspetti e le competenze principali di Cyberno sono:<\/p>\n<ul>\n<li>dotare ogni cittadino di competenze digitali;<\/li>\n<li>insegnando, gi\u00e0 da ora, ai bambini come sviluppare le loro competenze digitali al fine di stimolare lo sviluppodi una societ\u00e0 pi\u00f9 intelligente<\/li>\n<li>sviluppare in ogni beneficiario le competenze tecniche, sociali e mentali necessarie per distinguersi come utente dei media digitali e diventare un cittadino digitale intelligente.<\/li>\n<\/ul>\n\t\t\t\t\t\t\t\t<\/div>\n\t\t\t\t\t<\/div>\n\t\t<\/div>\n\t\t\t\t\t<\/div>\n\t\t<\/section>\n\t\t\t\t\t<\/div>\n\t\t<\/div>\n\t\t\t\t\t<\/div>\n\t\t<\/section>\n\t\t\t\t<\/div>\n\t\t","protected":false},"excerpt":{"rendered":"<p>I PARTNER DI WAST Il partenariato per il progetto WAST \u00e8 composto da 6 organizzazioni di 5 stati diversi (Cipro, Grecia, Italia, Polonia e Ucraina) che rappresentano diverse organizzazioni e istituzioni ed attuano un approccio intersettoriale con: Organizzazioni di istruzione e formazione (comprese le organizzazioni con esperienza nello sviluppo di software e risultati di e-learning) [&hellip;]<\/p>\n","protected":false},"author":1098,"featured_media":0,"parent":0,"menu_order":0,"comment_status":"closed","ping_status":"closed","template":"","meta":{"footnotes":""},"class_list":["post-11792","page","type-page","status-publish","hentry"],"jetpack_sharing_enabled":true,"_links":{"self":[{"href":"https:\/\/www.wastcommunity.eu\/it\/wp-json\/wp\/v2\/pages\/11792","targetHints":{"allow":["GET"]}}],"collection":[{"href":"https:\/\/www.wastcommunity.eu\/it\/wp-json\/wp\/v2\/pages"}],"about":[{"href":"https:\/\/www.wastcommunity.eu\/it\/wp-json\/wp\/v2\/types\/page"}],"author":[{"embeddable":true,"href":"https:\/\/www.wastcommunity.eu\/it\/wp-json\/wp\/v2\/users\/1098"}],"replies":[{"embeddable":true,"href":"https:\/\/www.wastcommunity.eu\/it\/wp-json\/wp\/v2\/comments?post=11792"}],"version-history":[{"count":2,"href":"https:\/\/www.wastcommunity.eu\/it\/wp-json\/wp\/v2\/pages\/11792\/revisions"}],"predecessor-version":[{"id":14568,"href":"https:\/\/www.wastcommunity.eu\/it\/wp-json\/wp\/v2\/pages\/11792\/revisions\/14568"}],"wp:attachment":[{"href":"https:\/\/www.wastcommunity.eu\/it\/wp-json\/wp\/v2\/media?parent=11792"}],"curies":[{"name":"wp","href":"https:\/\/api.w.org\/{rel}","templated":true}]}}